{"id":1742,"date":"2022-02-09T14:48:07","date_gmt":"2022-02-09T11:48:07","guid":{"rendered":"https:\/\/sparc.africa\/fr\/?page_id=1742"},"modified":"2022-02-17T14:51:38","modified_gmt":"2022-02-17T11:51:38","slug":"afhea","status":"publish","type":"page","link":"https:\/\/sparc.africa\/fr\/afhea\/","title":{"rendered":"Sixi\u00e8me conf\u00e9rence scientifique de l&#8217;Association Africaine d&#8217;Economie et de Politique de la Sant\u00e9"},"content":{"rendered":"\t\t<div data-elementor-type=\"wp-page\" data-elementor-id=\"1742\" class=\"elementor elementor-1742\" data-elementor-post-type=\"page\">\n\t\t\t\t\t\t<div class=\"elementor-inner\">\n\t\t\t\t<div class=\"elementor-section-wrap\">\n\t\t\t\t\t\t\t\t\t<section class=\"elementor-section elementor-top-section elementor-element elementor-element-90a5c4c elementor-section-boxed elementor-section-height-default elementor-section-height-default\" data-id=\"90a5c4c\" data-element_type=\"section\">\n\t\t\t\t\t\t<div class=\"elementor-container elementor-column-gap-default\">\n\t\t\t\t\t\t\t<div class=\"elementor-row\">\n\t\t\t\t\t<div class=\"elementor-column elementor-col-100 elementor-top-column elementor-element elementor-element-1fde8ce0\" data-id=\"1fde8ce0\" data-element_type=\"column\">\n\t\t\t<div class=\"elementor-column-wrap elementor-element-populated\">\n\t\t\t\t\t\t\t<div class=\"elementor-widget-wrap\">\n\t\t\t\t\t\t<div class=\"elementor-element elementor-element-5a2f739f elementor-widget elementor-widget-heading\" data-id=\"5a2f739f\" data-element_type=\"widget\" data-widget_type=\"heading.default\">\n\t\t\t\t<div class=\"elementor-widget-container\">\n\t\t\t<h2 class=\"elementor-heading-title elementor-size-default\">Sixi\u00e8me conf\u00e9rence scientifique de l'Association Africaine d'Economie et de Politique de la Sant\u00e9<\/h2>\t\t<\/div>\n\t\t\t\t<\/div>\n\t\t\t\t<div class=\"elementor-element elementor-element-385c7dd2 elementor-widget elementor-widget-heading\" data-id=\"385c7dd2\" data-element_type=\"widget\" data-widget_type=\"heading.default\">\n\t\t\t\t<div class=\"elementor-widget-container\">\n\t\t\t<h2 class=\"elementor-heading-title elementor-size-default\">\u201cVers les syst\u00e8mes de sant\u00e9 r\u00e9silients en Afrique : Le r\u00f4le de la recherche sur l'\u00e9conomie et les politiques de la sant\u00e9.\u201d<\/h2>\t\t<\/div>\n\t\t\t\t<\/div>\n\t\t\t\t<div class=\"elementor-element elementor-element-15120665 elementor-widget elementor-widget-image\" data-id=\"15120665\" data-element_type=\"widget\" data-widget_type=\"image.default\">\n\t\t\t\t<div class=\"elementor-widget-container\">\n\t\t\t\t\t\t\t\t<div class=\"elementor-image\">\n\t\t\t\t\t\t\t\t\t\t\t\t<img decoding=\"async\" width=\"885\" height=\"155\" src=\"https:\/\/sparc.africa\/fr\/wp-content\/uploads\/2022\/02\/afhea-banner.jpg\" class=\"attachment-full size-full wp-image-1748\" alt=\"\" srcset=\"https:\/\/sparc.africa\/fr\/wp-content\/uploads\/2022\/02\/afhea-banner.jpg 885w, https:\/\/sparc.africa\/fr\/wp-content\/uploads\/2022\/02\/afhea-banner-300x53.jpg 300w, https:\/\/sparc.africa\/fr\/wp-content\/uploads\/2022\/02\/afhea-banner-768x135.jpg 768w\" sizes=\"(max-width: 885px) 100vw, 885px\" \/>\t\t\t\t\t\t\t\t\t\t\t\t\t\t<\/div>\n\t\t\t\t\t\t<\/div>\n\t\t\t\t<\/div>\n\t\t\t\t\t\t<\/div>\n\t\t\t\t\t<\/div>\n\t\t<\/div>\n\t\t\t\t\t\t\t\t<\/div>\n\t\t\t\t\t<\/div>\n\t\t<\/section>\n\t\t\t\t<section class=\"elementor-section elementor-top-section elementor-element elementor-element-2801e622 elementor-section-content-middle elementor-section-stretched elementor-section-full_width elementor-section-height-default elementor-section-height-default\" data-id=\"2801e622\" data-element_type=\"section\" data-settings=\"{&quot;stretch_section&quot;:&quot;section-stretched&quot;}\">\n\t\t\t\t\t\t<div class=\"elementor-container elementor-column-gap-no\">\n\t\t\t\t\t\t\t<div class=\"elementor-row\">\n\t\t\t\t\t<div class=\"elementor-column elementor-col-100 elementor-top-column elementor-element elementor-element-328aee63\" data-id=\"328aee63\" data-element_type=\"column\">\n\t\t\t<div class=\"elementor-column-wrap elementor-element-populated\">\n\t\t\t\t\t\t\t<div class=\"elementor-widget-wrap\">\n\t\t\t\t\t\t<section class=\"elementor-section elementor-inner-section elementor-element elementor-element-4fc69301 elementor-section-boxed elementor-section-height-default elementor-section-height-default\" data-id=\"4fc69301\" data-element_type=\"section\">\n\t\t\t\t\t\t<div class=\"elementor-container elementor-column-gap-default\">\n\t\t\t\t\t\t\t<div class=\"elementor-row\">\n\t\t\t\t\t<div class=\"elementor-column elementor-col-100 elementor-inner-column elementor-element elementor-element-5ef6a28e\" data-id=\"5ef6a28e\" data-element_type=\"column\">\n\t\t\t<div class=\"elementor-column-wrap elementor-element-populated\">\n\t\t\t\t\t\t\t<div class=\"elementor-widget-wrap\">\n\t\t\t\t\t\t<div class=\"elementor-element elementor-element-5c95bdba elementor-widget elementor-widget-text-editor\" data-id=\"5c95bdba\" data-element_type=\"widget\" data-widget_type=\"text-editor.default\">\n\t\t\t\t<div class=\"elementor-widget-container\">\n\t\t\t\t\t\t\t\t<div class=\"elementor-text-editor elementor-clearfix\">\n\t\t\t\t<p>Le Centre de Ressources pour les Achats Strat\u00e9giques en Afrique (SPARC) et le D\u00e9partement \u00c9conomie de la Sant\u00e9 de l&#8217;Universit\u00e9 du Cap (UCT) organisent une <strong>formation virtuelle de renforcement des comp\u00e9tences<\/strong> en mati\u00e8re d&#8217;Achats Strat\u00e9giques de Sant\u00e9 lors de la 6\u00e8me conf\u00e9rence scientifique de l&#8217;Association Africaine d&#8217;\u00c9conomie et de Politique de la Sant\u00e9 (AfHEA), du <strong>1er au 3 mars 2022<\/strong>, entre <strong>12h00 et 15h00 TU<\/strong>. Le SPARC et l&#8217;UCT ont d\u00e9velopp\u00e9 un programme d&#8217;\u00e9tudes bas\u00e9 sur des \u00e9tudes de cas, s&#8217;inspirant d&#8217;exemples de l&#8217;Afrique sub-saharienne et partageant les derni\u00e8res recherches et r\u00e9flexions sur les achats strat\u00e9giques du continent africain et d&#8217;autres pays \u00e0 revenu faible ou moyen. Un corps <a href=\"https:\/\/sparc.africa\/fr\/wp-content\/uploads\/2022\/02\/Facilitator-profiles_French.pdf\" target=\"_blank\" rel=\"noopener\">professoral<\/a> de haut niveau compos\u00e9 du Dr Cheryl Cashin, de M. Nathaniel Otoo, du Dr John Ataguba et du Dr Amarech Obse animera cette formation de trois jours.<\/p><p>Ce programme de formation vise \u00e0 d\u00e9velopper les connaissances de base et l&#8217;exp\u00e9rience sur les achats strat\u00e9giques gr\u00e2ce \u00e0 un apprentissage plus approfondi et un partage des connaissances pour les experts techniques, les technocrates et les d\u00e9cideurs qui travaillent sur les achats strat\u00e9giques dans leur pays. \u00c0 la fin de cette formation, les participants seront capables de comprendre le concept d&#8217;achat de services de sant\u00e9 en tant qu&#8217;outil qui permet aux gouvernements de faire des compromis intelligents en fournissant l&#8217;acc\u00e8s aux services de sant\u00e9 n\u00e9cessaires avec une protection financi\u00e8re dans un contexte de ressources limit\u00e9es.<\/p><p><span style=\"font-style: inherit; font-weight: inherit; font-family: var( --e-global-typography-text-font-family ), Sans-serif;\">Si vous d\u00e9sirez consulter le programme de formation, cliquez <a href=\"https:\/\/sparc.africa\/fr\/wp-content\/uploads\/2022\/02\/African-Health-Economics-and-Policy-Association-2022-SHP-training-program_French.pdf\" target=\"_blank\" rel=\"noopener\">ici<\/a>.<\/span><\/p>\t\t\t\t\t<\/div>\n\t\t\t\t\t\t<\/div>\n\t\t\t\t<\/div>\n\t\t\t\t<div class=\"elementor-element elementor-element-da29a18 elementor-widget-divider--view-line elementor-widget elementor-widget-divider\" data-id=\"da29a18\" data-element_type=\"widget\" data-widget_type=\"divider.default\">\n\t\t\t\t<div class=\"elementor-widget-container\">\n\t\t\t\t\t<div class=\"elementor-divider\">\n\t\t\t<span class=\"elementor-divider-separator\">\n\t\t\t\t\t\t<\/span>\n\t\t<\/div>\n\t\t\t\t<\/div>\n\t\t\t\t<\/div>\n\t\t\t\t<div class=\"elementor-element elementor-element-143a6f58 elementor-widget elementor-widget-text-editor\" data-id=\"143a6f58\" data-element_type=\"widget\" data-widget_type=\"text-editor.default\">\n\t\t\t\t<div class=\"elementor-widget-container\">\n\t\t\t\t\t\t\t\t<div class=\"elementor-text-editor elementor-clearfix\">\n\t\t\t\t<p>Si vous souhaitez vous inscrire \u00e0 la conf\u00e9rence, cliquez <a href=\"https:\/\/t.co\/EzbUPqkmjH\" target=\"_blank\" rel=\"noopener\">ici<\/a>.<\/p>\t\t\t\t\t<\/div>\n\t\t\t\t\t\t<\/div>\n\t\t\t\t<\/div>\n\t\t\t\t\t\t<\/div>\n\t\t\t\t\t<\/div>\n\t\t<\/div>\n\t\t\t\t\t\t\t\t<\/div>\n\t\t\t\t\t<\/div>\n\t\t<\/section>\n\t\t\t\t<div class=\"elementor-element elementor-element-4abdcd88 elementor-widget elementor-widget-spacer\" data-id=\"4abdcd88\" data-element_type=\"widget\" data-widget_type=\"spacer.default\">\n\t\t\t\t<div class=\"elementor-widget-container\">\n\t\t\t\t\t<div class=\"elementor-spacer\">\n\t\t\t<div class=\"elementor-spacer-inner\"><\/div>\n\t\t<\/div>\n\t\t\t\t<\/div>\n\t\t\t\t<\/div>\n\t\t\t\t\t\t<\/div>\n\t\t\t\t\t<\/div>\n\t\t<\/div>\n\t\t\t\t\t\t\t\t<\/div>\n\t\t\t\t\t<\/div>\n\t\t<\/section>\n\t\t\t\t\t\t\t\t\t<\/div>\n\t\t\t<\/div>\n\t\t\t\t\t<\/div>\n\t\t","protected":false},"excerpt":{"rendered":"<p>Sixi\u00e8me conf\u00e9rence scientifique de l&#8217;Association Africaine d&#8217;Economie et de Politique de la Sant\u00e9 \u201cVers les syst\u00e8mes de sant\u00e9 r\u00e9silients en Afrique : Le r\u00f4le de la recherche sur l&#8217;\u00e9conomie et [&hellip;]<\/p>\n","protected":false},"author":1,"featured_media":0,"parent":0,"menu_order":0,"comment_status":"closed","ping_status":"closed","template":"elementor_header_footer","meta":{"_mi_skip_tracking":false,"_monsterinsights_sitenote_active":false,"_monsterinsights_sitenote_note":"","_monsterinsights_sitenote_category":0,"_EventAllDay":false,"_EventTimezone":"","_EventStartDate":"","_EventEndDate":"","_EventStartDateUTC":"","_EventEndDateUTC":"","_EventShowMap":false,"_EventShowMapLink":false,"_EventURL":"","_EventCost":"","_EventCostDescription":"","_EventCurrencySymbol":"","_EventCurrencyCode":"","_EventCurrencyPosition":"","_EventDateTimeSeparator":"","_EventTimeRangeSeparator":"","_EventOrganizerID":[],"_EventVenueID":0,"_OrganizerEmail":"","_OrganizerPhone":"","_OrganizerWebsite":"","_VenueAddress":"","_VenueCity":"","_VenueCountry":"","_VenueProvince":"","_VenueZip":"","_VenuePhone":"","_VenueURL":"","_VenueStateProvince":"","_VenueLat":"","_VenueLng":"","jetpack_post_was_ever_published":false},"yoast_head":"<!-- This site is optimized with the Yoast SEO plugin v20.10 - https:\/\/yoast.com\/wordpress\/plugins\/seo\/ -->\n<title>Sixi\u00e8me conf\u00e9rence scientifique de l&#039;Association Africaine d&#039;Economie et de Politique de la Sant\u00e9 - Strategic Purchasing Africa Resource Centre (SPARC)<\/title>\n<meta name=\"robots\" content=\"index, follow, max-snippet:-1, max-image-preview:large, max-video-preview:-1\" \/>\n<link rel=\"canonical\" href=\"https:\/\/sparc.africa\/fr\/afhea\/\" \/>\n<meta property=\"og:locale\" content=\"en_US\" \/>\n<meta property=\"og:type\" content=\"article\" \/>\n<meta property=\"og:title\" content=\"Sixi\u00e8me conf\u00e9rence scientifique de l&#039;Association Africaine d&#039;Economie et de Politique de la Sant\u00e9 - Strategic Purchasing Africa Resource Centre (SPARC)\" \/>\n<meta property=\"og:description\" content=\"Sixi\u00e8me conf\u00e9rence scientifique de l&#8217;Association Africaine d&#8217;Economie et de Politique de la Sant\u00e9 \u201cVers les syst\u00e8mes de sant\u00e9 r\u00e9silients en Afrique : Le r\u00f4le de la recherche sur l&#8217;\u00e9conomie et [&hellip;]\" \/>\n<meta property=\"og:url\" content=\"https:\/\/sparc.africa\/fr\/afhea\/\" \/>\n<meta property=\"og:site_name\" content=\"Strategic Purchasing Africa Resource Centre (SPARC)\" \/>\n<meta property=\"article:modified_time\" content=\"2022-02-17T11:51:38+00:00\" \/>\n<meta property=\"og:image\" content=\"https:\/\/sparc.africa\/fr\/wp-content\/uploads\/2022\/02\/afhea-banner.jpg\" \/>\n<meta name=\"twitter:card\" content=\"summary_large_image\" \/>\n<meta name=\"twitter:label1\" content=\"Est. reading time\" \/>\n\t<meta name=\"twitter:data1\" content=\"2 minutes\" \/>\n<script type=\"application\/ld+json\" class=\"yoast-schema-graph\">{\"@context\":\"https:\/\/schema.org\",\"@graph\":[{\"@type\":\"WebPage\",\"@id\":\"https:\/\/sparc.africa\/fr\/afhea\/\",\"url\":\"https:\/\/sparc.africa\/fr\/afhea\/\",\"name\":\"Sixi\u00e8me conf\u00e9rence scientifique de l'Association Africaine d'Economie et de Politique de la Sant\u00e9 - Strategic Purchasing Africa Resource Centre (SPARC)\",\"isPartOf\":{\"@id\":\"https:\/\/sparc.africa\/fr\/#website\"},\"datePublished\":\"2022-02-09T11:48:07+00:00\",\"dateModified\":\"2022-02-17T11:51:38+00:00\",\"breadcrumb\":{\"@id\":\"https:\/\/sparc.africa\/fr\/afhea\/#breadcrumb\"},\"inLanguage\":\"en-US\",\"potentialAction\":[{\"@type\":\"ReadAction\",\"target\":[\"https:\/\/sparc.africa\/fr\/afhea\/\"]}]},{\"@type\":\"BreadcrumbList\",\"@id\":\"https:\/\/sparc.africa\/fr\/afhea\/#breadcrumb\",\"itemListElement\":[{\"@type\":\"ListItem\",\"position\":1,\"name\":\"Home\",\"item\":\"https:\/\/sparc.africa\/fr\/\"},{\"@type\":\"ListItem\",\"position\":2,\"name\":\"Sixi\u00e8me conf\u00e9rence scientifique de l&#8217;Association Africaine d&#8217;Economie et de Politique de la Sant\u00e9\"}]},{\"@type\":\"WebSite\",\"@id\":\"https:\/\/sparc.africa\/fr\/#website\",\"url\":\"https:\/\/sparc.africa\/fr\/\",\"name\":\"Strategic Purchasing Africa Resource Centre (SPARC)\",\"description\":\"\",\"publisher\":{\"@id\":\"https:\/\/sparc.africa\/fr\/#organization\"},\"potentialAction\":[{\"@type\":\"SearchAction\",\"target\":{\"@type\":\"EntryPoint\",\"urlTemplate\":\"https:\/\/sparc.africa\/fr\/?s={search_term_string}\"},\"query-input\":\"required name=search_term_string\"}],\"inLanguage\":\"en-US\"},{\"@type\":\"Organization\",\"@id\":\"https:\/\/sparc.africa\/fr\/#organization\",\"name\":\"Strategic Purchasing Africa Resource Centre (SPARC)\",\"url\":\"https:\/\/sparc.africa\/fr\/\",\"logo\":{\"@type\":\"ImageObject\",\"inLanguage\":\"en-US\",\"@id\":\"https:\/\/sparc.africa\/fr\/#\/schema\/logo\/image\/\",\"url\":\"https:\/\/sparc.africa\/fr\/wp-content\/uploads\/2019\/09\/SPARC-LOGO-FINAL-HR-03.png\",\"contentUrl\":\"https:\/\/sparc.africa\/fr\/wp-content\/uploads\/2019\/09\/SPARC-LOGO-FINAL-HR-03.png\",\"width\":2171,\"height\":1842,\"caption\":\"Strategic Purchasing Africa Resource Centre (SPARC)\"},\"image\":{\"@id\":\"https:\/\/sparc.africa\/fr\/#\/schema\/logo\/image\/\"}}]}<\/script>\n<!-- \/ Yoast SEO plugin. -->","yoast_head_json":{"title":"Sixi\u00e8me conf\u00e9rence scientifique de l'Association Africaine d'Economie et de Politique de la Sant\u00e9 - Strategic Purchasing Africa Resource Centre (SPARC)","robots":{"index":"index","follow":"follow","max-snippet":"max-snippet:-1","max-image-preview":"max-image-preview:large","max-video-preview":"max-video-preview:-1"},"canonical":"https:\/\/sparc.africa\/fr\/afhea\/","og_locale":"en_US","og_type":"article","og_title":"Sixi\u00e8me conf\u00e9rence scientifique de l'Association Africaine d'Economie et de Politique de la Sant\u00e9 - Strategic Purchasing Africa Resource Centre (SPARC)","og_description":"Sixi\u00e8me conf\u00e9rence scientifique de l&#8217;Association Africaine d&#8217;Economie et de Politique de la Sant\u00e9 \u201cVers les syst\u00e8mes de sant\u00e9 r\u00e9silients en Afrique : Le r\u00f4le de la recherche sur l&#8217;\u00e9conomie et [&hellip;]","og_url":"https:\/\/sparc.africa\/fr\/afhea\/","og_site_name":"Strategic Purchasing Africa Resource Centre (SPARC)","article_modified_time":"2022-02-17T11:51:38+00:00","og_image":[{"url":"https:\/\/sparc.africa\/fr\/wp-content\/uploads\/2022\/02\/afhea-banner.jpg"}],"twitter_card":"summary_large_image","twitter_misc":{"Est. reading time":"2 minutes"},"schema":{"@context":"https:\/\/schema.org","@graph":[{"@type":"WebPage","@id":"https:\/\/sparc.africa\/fr\/afhea\/","url":"https:\/\/sparc.africa\/fr\/afhea\/","name":"Sixi\u00e8me conf\u00e9rence scientifique de l'Association Africaine d'Economie et de Politique de la Sant\u00e9 - Strategic Purchasing Africa Resource Centre (SPARC)","isPartOf":{"@id":"https:\/\/sparc.africa\/fr\/#website"},"datePublished":"2022-02-09T11:48:07+00:00","dateModified":"2022-02-17T11:51:38+00:00","breadcrumb":{"@id":"https:\/\/sparc.africa\/fr\/afhea\/#breadcrumb"},"inLanguage":"en-US","potentialAction":[{"@type":"ReadAction","target":["https:\/\/sparc.africa\/fr\/afhea\/"]}]},{"@type":"BreadcrumbList","@id":"https:\/\/sparc.africa\/fr\/afhea\/#breadcrumb","itemListElement":[{"@type":"ListItem","position":1,"name":"Home","item":"https:\/\/sparc.africa\/fr\/"},{"@type":"ListItem","position":2,"name":"Sixi\u00e8me conf\u00e9rence scientifique de l&#8217;Association Africaine d&#8217;Economie et de Politique de la Sant\u00e9"}]},{"@type":"WebSite","@id":"https:\/\/sparc.africa\/fr\/#website","url":"https:\/\/sparc.africa\/fr\/","name":"Strategic Purchasing Africa Resource Centre (SPARC)","description":"","publisher":{"@id":"https:\/\/sparc.africa\/fr\/#organization"},"potentialAction":[{"@type":"SearchAction","target":{"@type":"EntryPoint","urlTemplate":"https:\/\/sparc.africa\/fr\/?s={search_term_string}"},"query-input":"required name=search_term_string"}],"inLanguage":"en-US"},{"@type":"Organization","@id":"https:\/\/sparc.africa\/fr\/#organization","name":"Strategic Purchasing Africa Resource Centre (SPARC)","url":"https:\/\/sparc.africa\/fr\/","logo":{"@type":"ImageObject","inLanguage":"en-US","@id":"https:\/\/sparc.africa\/fr\/#\/schema\/logo\/image\/","url":"https:\/\/sparc.africa\/fr\/wp-content\/uploads\/2019\/09\/SPARC-LOGO-FINAL-HR-03.png","contentUrl":"https:\/\/sparc.africa\/fr\/wp-content\/uploads\/2019\/09\/SPARC-LOGO-FINAL-HR-03.png","width":2171,"height":1842,"caption":"Strategic Purchasing Africa Resource Centre (SPARC)"},"image":{"@id":"https:\/\/sparc.africa\/fr\/#\/schema\/logo\/image\/"}}]}},"jetpack_sharing_enabled":true,"_links":{"self":[{"href":"https:\/\/sparc.africa\/fr\/wp-json\/wp\/v2\/pages\/1742"}],"collection":[{"href":"https:\/\/sparc.africa\/fr\/wp-json\/wp\/v2\/pages"}],"about":[{"href":"https:\/\/sparc.africa\/fr\/wp-json\/wp\/v2\/types\/page"}],"author":[{"embeddable":true,"href":"https:\/\/sparc.africa\/fr\/wp-json\/wp\/v2\/users\/1"}],"replies":[{"embeddable":true,"href":"https:\/\/sparc.africa\/fr\/wp-json\/wp\/v2\/comments?post=1742"}],"version-history":[{"count":19,"href":"https:\/\/sparc.africa\/fr\/wp-json\/wp\/v2\/pages\/1742\/revisions"}],"predecessor-version":[{"id":1785,"href":"https:\/\/sparc.africa\/fr\/wp-json\/wp\/v2\/pages\/1742\/revisions\/1785"}],"wp:attachment":[{"href":"https:\/\/sparc.africa\/fr\/wp-json\/wp\/v2\/media?parent=1742"}],"curies":[{"name":"wp","href":"https:\/\/api.w.org\/{rel}","templated":true}]}}