{"id":1732,"date":"2021-12-13T17:10:39","date_gmt":"2021-12-13T14:10:39","guid":{"rendered":"https:\/\/sparc.africa\/fr\/?page_id=1732"},"modified":"2021-12-13T17:16:10","modified_gmt":"2021-12-13T14:16:10","slug":"indices-de-reference","status":"publish","type":"page","link":"https:\/\/sparc.africa\/fr\/changer-la-conversation\/une-theorie-du-changement-et-des-etapes-pratiques\/indices-de-reference\/","title":{"rendered":"Indices de r\u00e9f\u00e9rence pour suivre les progr\u00e8s r\u00e9alis\u00e9s en ce qui concerne les achats strat\u00e9giques pour la sant\u00e9"},"content":{"rendered":"\t\t<div data-elementor-type=\"wp-page\" data-elementor-id=\"1732\" class=\"elementor elementor-1732\" data-elementor-post-type=\"page\">\n\t\t\t\t\t\t<div class=\"elementor-inner\">\n\t\t\t\t<div class=\"elementor-section-wrap\">\n\t\t\t\t\t\t\t\t\t<section class=\"elementor-section elementor-top-section elementor-element elementor-element-317c1816 elementor-section-content-middle elementor-section-stretched elementor-section-boxed elementor-section-height-default elementor-section-height-default\" data-id=\"317c1816\" data-element_type=\"section\" data-settings=\"{&quot;stretch_section&quot;:&quot;section-stretched&quot;,&quot;background_background&quot;:&quot;classic&quot;}\">\n\t\t\t\t\t\t<div class=\"elementor-container elementor-column-gap-no\">\n\t\t\t\t\t\t\t<div class=\"elementor-row\">\n\t\t\t\t\t<div class=\"elementor-column elementor-col-100 elementor-top-column elementor-element elementor-element-132db81\" data-id=\"132db81\" data-element_type=\"column\" data-settings=\"{&quot;background_background&quot;:&quot;classic&quot;}\">\n\t\t\t<div class=\"elementor-column-wrap elementor-element-populated\">\n\t\t\t\t\t\t\t<div class=\"elementor-widget-wrap\">\n\t\t\t\t\t\t<div class=\"elementor-element elementor-element-445499ca elementor-widget elementor-widget-text-editor\" data-id=\"445499ca\" data-element_type=\"widget\" data-widget_type=\"text-editor.default\">\n\t\t\t\t<div class=\"elementor-widget-container\">\n\t\t\t\t\t\t\t\t<div class=\"elementor-text-editor elementor-clearfix\">\n\t\t\t\t<p>Un syst\u00e8me d\u2019achats strat\u00e9giques solide comporte un ensemble de fonctions essentielles \u2013 sp\u00e9cification des avantages, dispositions contractuelles, paiement des prestataires et suivi des performances \u2013 qui sont soutenues par des dispositions institutionnelles et de gouvernance claires qui divisent les responsabilit\u00e9s pour l\u2019ex\u00e9cution des fonctions d\u2019achat. Les d\u00e9finitions et les descriptions visant \u00e0 d\u00e9terminer ce qui constitue un achat strat\u00e9gique et quelles sont les approches d\u2019achat les plus susceptibles de conduire \u00e0 de meilleurs r\u00e9sultats pour le syst\u00e8me de sant\u00e9 ont \u00e9t\u00e9 d\u00e9battues et examin\u00e9es par plusieurs organisations. Cela a conduit \u00e0 l\u2019\u00e9laboration d\u2019un certain nombre de cadres analytiques d\u2019achat strat\u00e9gique et de guides d\u2019\u00e9valuation par l\u2018<a href=\"https:\/\/www.who.int\/publications\/i\/item\/9789240000025\" target=\"_blank\" rel=\"noopener\">Organisation mondiale de la sant\u00e9, les <\/a><a href=\"https:\/\/resyst.lshtm.ac.uk\/sites\/resyst\/files\/content\/attachments\/2018-08-22\/What%20is%20strategic%20purchasing%20for%20health.pdf\" target=\"_blank\" rel=\"noopener\">Syst\u00e8mes de sant\u00e9 r\u00e9silients et r\u00e9actifs<\/a>, et le <a href=\"https:\/\/www.hfgproject.org\/strategic-health-purchasing-progress-a-framework-for-policymakers-and-practitioners\/\" target=\"_blank\" rel=\"noopener\">Projet de financement et de gouvernance de la sant\u00e9<\/a>, pour n\u2019en citer que quelques-uns.<\/p><p>SPARC a consolid\u00e9 ces guides et cadres d\u2019\u00e9valuation afin de fournir un ensemble global de crit\u00e8res d\u2019\u00e9valuation et de rep\u00e8res \u00e0 appliquer aux dispositifs de gouvernance et aux fonctions d&#8217;achat. Cela permettra aux pays de se faire une id\u00e9e des domaines o\u00f9 les progr\u00e8s sont plus avanc\u00e9s ou de ceux o\u00f9 ils sont insuffisants, ainsi que du r\u00f4le des dispositifs de gouvernance et des facteurs externes dans l\u2019am\u00e9lioration ou la r\u00e9duction du pouvoir d\u2019achat. Ces informations peuvent \u00eatre utilis\u00e9es pour faire avancer le dialogue sur les achats strat\u00e9giques dans les pays et pour prioriser les investissements et les actions politiques visant \u00e0 am\u00e9liorer les achats strat\u00e9giques.<\/p>\t\t\t\t\t<\/div>\n\t\t\t\t\t\t<\/div>\n\t\t\t\t<\/div>\n\t\t\t\t\t\t<\/div>\n\t\t\t\t\t<\/div>\n\t\t<\/div>\n\t\t\t\t\t\t\t\t<\/div>\n\t\t\t\t\t<\/div>\n\t\t<\/section>\n\t\t\t\t<section class=\"elementor-section elementor-top-section elementor-element elementor-element-4c911b01 elementor-section-full_width elementor-section-height-default elementor-section-height-default\" data-id=\"4c911b01\" data-element_type=\"section\">\n\t\t\t\t\t\t<div class=\"elementor-container elementor-column-gap-default\">\n\t\t\t\t\t\t\t<div class=\"elementor-row\">\n\t\t\t\t\t<div class=\"elementor-column elementor-col-100 elementor-top-column elementor-element elementor-element-42ba7bdb\" data-id=\"42ba7bdb\" data-element_type=\"column\">\n\t\t\t<div class=\"elementor-column-wrap elementor-element-populated\">\n\t\t\t\t\t\t\t<div class=\"elementor-widget-wrap\">\n\t\t\t\t\t\t<section class=\"elementor-section elementor-inner-section elementor-element elementor-element-10ceead0 elementor-section-content-middle elementor-section-full_width elementor-section-height-default elementor-section-height-default\" data-id=\"10ceead0\" data-element_type=\"section\">\n\t\t\t\t\t\t<div class=\"elementor-container elementor-column-gap-no\">\n\t\t\t\t\t\t\t<div class=\"elementor-row\">\n\t\t\t\t\t<div class=\"elementor-column elementor-col-33 elementor-inner-column elementor-element elementor-element-24749ec\" data-id=\"24749ec\" data-element_type=\"column\" data-settings=\"{&quot;background_background&quot;:&quot;classic&quot;}\">\n\t\t\t<div class=\"elementor-column-wrap elementor-element-populated\">\n\t\t\t\t\t\t\t<div class=\"elementor-widget-wrap\">\n\t\t\t\t\t\t<div class=\"elementor-element elementor-element-6b2f34d3 elementor-position-top elementor-vertical-align-top elementor-widget elementor-widget-image-box\" data-id=\"6b2f34d3\" data-element_type=\"widget\" data-widget_type=\"image-box.default\">\n\t\t\t\t<div class=\"elementor-widget-container\">\n\t\t\t<div class=\"elementor-image-box-wrapper\"><div class=\"elementor-image-box-content\"><h3 class=\"elementor-image-box-title\"><a href=\"https:\/\/sparc.africa\/fr\/wp-content\/uploads\/2021\/12\/SPARC_Topic_Brief_SHP-Benchmarks_FR_L1.pdf\">Cliquez ici pour t\u00e9l\u00e9charger le dossier <\/a><\/h3><\/div><\/div>\t\t<\/div>\n\t\t\t\t<\/div>\n\t\t\t\t\t\t<\/div>\n\t\t\t\t\t<\/div>\n\t\t<\/div>\n\t\t\t\t<div class=\"elementor-column elementor-col-33 elementor-inner-column elementor-element elementor-element-7fa7e07e\" data-id=\"7fa7e07e\" data-element_type=\"column\" data-settings=\"{&quot;background_background&quot;:&quot;classic&quot;}\">\n\t\t\t<div class=\"elementor-column-wrap elementor-element-populated\">\n\t\t\t\t\t\t\t<div class=\"elementor-widget-wrap\">\n\t\t\t\t\t\t<div class=\"elementor-element elementor-element-1881407c elementor-position-top elementor-vertical-align-top elementor-widget elementor-widget-image-box\" data-id=\"1881407c\" data-element_type=\"widget\" data-widget_type=\"image-box.default\">\n\t\t\t\t<div class=\"elementor-widget-container\">\n\t\t\t<div class=\"elementor-image-box-wrapper\"><div class=\"elementor-image-box-content\"><h3 class=\"elementor-image-box-title\"><a href=\"https:\/\/sparc.africa\/fr\/changer-la-conversation\/une-theorie-du-changement-et-des-etapes-pratiques\/dossiers-de-politique-generale\/\">Dossiers de politique g\u00e9n\u00e9rale              <\/a><\/h3><\/div><\/div>\t\t<\/div>\n\t\t\t\t<\/div>\n\t\t\t\t\t\t<\/div>\n\t\t\t\t\t<\/div>\n\t\t<\/div>\n\t\t\t\t<div class=\"elementor-column elementor-col-33 elementor-inner-column elementor-element elementor-element-6038289c\" data-id=\"6038289c\" data-element_type=\"column\" data-settings=\"{&quot;background_background&quot;:&quot;classic&quot;}\">\n\t\t\t<div class=\"elementor-column-wrap elementor-element-populated\">\n\t\t\t\t\t\t\t<div class=\"elementor-widget-wrap\">\n\t\t\t\t\t\t<div class=\"elementor-element elementor-element-7dd44ae1 elementor-position-left elementor-vertical-align-top elementor-widget elementor-widget-image-box\" data-id=\"7dd44ae1\" data-element_type=\"widget\" data-widget_type=\"image-box.default\">\n\t\t\t\t<div class=\"elementor-widget-container\">\n\t\t\t<div class=\"elementor-image-box-wrapper\"><figure class=\"elementor-image-box-img\"><a href=\"https:\/\/sparc.africa\/fr\/changer-la-conversation\/une-theorie-du-changement-et-des-etapes-pratiques\/\"><img decoding=\"async\" width=\"512\" height=\"512\" src=\"https:\/\/sparc.africa\/fr\/wp-content\/uploads\/2021\/06\/back.png\" class=\"elementor-animation-grow attachment-full size-full wp-image-1625\" alt=\"\" srcset=\"https:\/\/sparc.africa\/fr\/wp-content\/uploads\/2021\/06\/back.png 512w, https:\/\/sparc.africa\/fr\/wp-content\/uploads\/2021\/06\/back-300x300.png 300w, https:\/\/sparc.africa\/fr\/wp-content\/uploads\/2021\/06\/back-150x150.png 150w\" sizes=\"(max-width: 512px) 100vw, 512px\" \/><\/a><\/figure><div class=\"elementor-image-box-content\"><h3 class=\"elementor-image-box-title\"><a href=\"https:\/\/sparc.africa\/fr\/changer-la-conversation\/une-theorie-du-changement-et-des-etapes-pratiques\/\">Retourner<\/a><\/h3><\/div><\/div>\t\t<\/div>\n\t\t\t\t<\/div>\n\t\t\t\t\t\t<\/div>\n\t\t\t\t\t<\/div>\n\t\t<\/div>\n\t\t\t\t\t\t\t\t<\/div>\n\t\t\t\t\t<\/div>\n\t\t<\/section>\n\t\t\t\t\t\t<\/div>\n\t\t\t\t\t<\/div>\n\t\t<\/div>\n\t\t\t\t\t\t\t\t<\/div>\n\t\t\t\t\t<\/div>\n\t\t<\/section>\n\t\t\t\t\t\t\t\t\t<\/div>\n\t\t\t<\/div>\n\t\t\t\t\t<\/div>\n\t\t","protected":false},"excerpt":{"rendered":"<p>Un syst\u00e8me d\u2019achats strat\u00e9giques solide comporte un ensemble de fonctions essentielles \u2013 sp\u00e9cification des avantages, dispositions contractuelles, paiement des prestataires et suivi des performances \u2013 qui sont soutenues par des [&hellip;]<\/p>\n","protected":false},"author":1,"featured_media":0,"parent":1617,"menu_order":0,"comment_status":"closed","ping_status":"closed","template":"elementor_header_footer","meta":{"_mi_skip_tracking":false,"_monsterinsights_sitenote_active":false,"_monsterinsights_sitenote_note":"","_monsterinsights_sitenote_category":0,"_EventAllDay":false,"_EventTimezone":"","_EventStartDate":"","_EventEndDate":"","_EventStartDateUTC":"","_EventEndDateUTC":"","_EventShowMap":false,"_EventShowMapLink":false,"_EventURL":"","_EventCost":"","_EventCostDescription":"","_EventCurrencySymbol":"","_EventCurrencyCode":"","_EventCurrencyPosition":"","_EventDateTimeSeparator":"","_EventTimeRangeSeparator":"","_EventOrganizerID":[],"_EventVenueID":0,"_OrganizerEmail":"","_OrganizerPhone":"","_OrganizerWebsite":"","_VenueAddress":"","_VenueCity":"","_VenueCountry":"","_VenueProvince":"","_VenueZip":"","_VenuePhone":"","_VenueURL":"","_VenueStateProvince":"","_VenueLat":"","_VenueLng":"","jetpack_post_was_ever_published":false},"yoast_head":"<!-- This site is optimized with the Yoast SEO plugin v20.10 - https:\/\/yoast.com\/wordpress\/plugins\/seo\/ -->\n<title>Indices de r\u00e9f\u00e9rence pour suivre les progr\u00e8s r\u00e9alis\u00e9s en ce qui concerne les achats strat\u00e9giques pour la sant\u00e9 - Strategic Purchasing Africa Resource Centre (SPARC)<\/title>\n<meta name=\"robots\" content=\"index, follow, max-snippet:-1, max-image-preview:large, max-video-preview:-1\" \/>\n<link rel=\"canonical\" href=\"https:\/\/sparc.africa\/fr\/changer-la-conversation\/une-theorie-du-changement-et-des-etapes-pratiques\/indices-de-reference\/\" \/>\n<meta property=\"og:locale\" content=\"en_US\" \/>\n<meta property=\"og:type\" content=\"article\" \/>\n<meta property=\"og:title\" content=\"Indices de r\u00e9f\u00e9rence pour suivre les progr\u00e8s r\u00e9alis\u00e9s en ce qui concerne les achats strat\u00e9giques pour la sant\u00e9 - Strategic Purchasing Africa Resource Centre (SPARC)\" \/>\n<meta property=\"og:description\" content=\"Un syst\u00e8me d\u2019achats strat\u00e9giques solide comporte un ensemble de fonctions essentielles \u2013 sp\u00e9cification des avantages, dispositions contractuelles, paiement des prestataires et suivi des performances \u2013 qui sont soutenues par des [&hellip;]\" \/>\n<meta property=\"og:url\" content=\"https:\/\/sparc.africa\/fr\/changer-la-conversation\/une-theorie-du-changement-et-des-etapes-pratiques\/indices-de-reference\/\" \/>\n<meta property=\"og:site_name\" content=\"Strategic Purchasing Africa Resource Centre (SPARC)\" \/>\n<meta property=\"article:modified_time\" content=\"2021-12-13T14:16:10+00:00\" \/>\n<meta property=\"og:image\" content=\"https:\/\/sparc.africa\/fr\/wp-content\/uploads\/2021\/06\/back.png\" \/>\n<meta name=\"twitter:card\" content=\"summary_large_image\" \/>\n<meta name=\"twitter:label1\" content=\"Est. reading time\" \/>\n\t<meta name=\"twitter:data1\" content=\"1 minute\" \/>\n<script type=\"application\/ld+json\" class=\"yoast-schema-graph\">{\"@context\":\"https:\/\/schema.org\",\"@graph\":[{\"@type\":\"WebPage\",\"@id\":\"https:\/\/sparc.africa\/fr\/changer-la-conversation\/une-theorie-du-changement-et-des-etapes-pratiques\/indices-de-reference\/\",\"url\":\"https:\/\/sparc.africa\/fr\/changer-la-conversation\/une-theorie-du-changement-et-des-etapes-pratiques\/indices-de-reference\/\",\"name\":\"Indices de r\u00e9f\u00e9rence pour suivre les progr\u00e8s r\u00e9alis\u00e9s en ce qui concerne les achats strat\u00e9giques pour la sant\u00e9 - Strategic Purchasing Africa Resource Centre (SPARC)\",\"isPartOf\":{\"@id\":\"https:\/\/sparc.africa\/fr\/#website\"},\"datePublished\":\"2021-12-13T14:10:39+00:00\",\"dateModified\":\"2021-12-13T14:16:10+00:00\",\"breadcrumb\":{\"@id\":\"https:\/\/sparc.africa\/fr\/changer-la-conversation\/une-theorie-du-changement-et-des-etapes-pratiques\/indices-de-reference\/#breadcrumb\"},\"inLanguage\":\"en-US\",\"potentialAction\":[{\"@type\":\"ReadAction\",\"target\":[\"https:\/\/sparc.africa\/fr\/changer-la-conversation\/une-theorie-du-changement-et-des-etapes-pratiques\/indices-de-reference\/\"]}]},{\"@type\":\"BreadcrumbList\",\"@id\":\"https:\/\/sparc.africa\/fr\/changer-la-conversation\/une-theorie-du-changement-et-des-etapes-pratiques\/indices-de-reference\/#breadcrumb\",\"itemListElement\":[{\"@type\":\"ListItem\",\"position\":1,\"name\":\"Home\",\"item\":\"https:\/\/sparc.africa\/fr\/\"},{\"@type\":\"ListItem\",\"position\":2,\"name\":\"Changer la conversation : Faire des progr\u00e8s en mati\u00e8re d&#8217;achats strat\u00e9giques de sant\u00e9 en Afrique subsaharienne\",\"item\":\"https:\/\/sparc.africa\/fr\/changer-la-conversation\/\"},{\"@type\":\"ListItem\",\"position\":3,\"name\":\"Une th\u00e9orie du changement et des \u00e9tapes pratiques\",\"item\":\"https:\/\/sparc.africa\/fr\/changer-la-conversation\/une-theorie-du-changement-et-des-etapes-pratiques\/\"},{\"@type\":\"ListItem\",\"position\":4,\"name\":\"Indices de r\u00e9f\u00e9rence pour suivre les progr\u00e8s r\u00e9alis\u00e9s en ce qui concerne les achats strat\u00e9giques pour la sant\u00e9\"}]},{\"@type\":\"WebSite\",\"@id\":\"https:\/\/sparc.africa\/fr\/#website\",\"url\":\"https:\/\/sparc.africa\/fr\/\",\"name\":\"Strategic Purchasing Africa Resource Centre (SPARC)\",\"description\":\"\",\"publisher\":{\"@id\":\"https:\/\/sparc.africa\/fr\/#organization\"},\"potentialAction\":[{\"@type\":\"SearchAction\",\"target\":{\"@type\":\"EntryPoint\",\"urlTemplate\":\"https:\/\/sparc.africa\/fr\/?s={search_term_string}\"},\"query-input\":\"required name=search_term_string\"}],\"inLanguage\":\"en-US\"},{\"@type\":\"Organization\",\"@id\":\"https:\/\/sparc.africa\/fr\/#organization\",\"name\":\"Strategic Purchasing Africa Resource Centre (SPARC)\",\"url\":\"https:\/\/sparc.africa\/fr\/\",\"logo\":{\"@type\":\"ImageObject\",\"inLanguage\":\"en-US\",\"@id\":\"https:\/\/sparc.africa\/fr\/#\/schema\/logo\/image\/\",\"url\":\"https:\/\/sparc.africa\/fr\/wp-content\/uploads\/2019\/09\/SPARC-LOGO-FINAL-HR-03.png\",\"contentUrl\":\"https:\/\/sparc.africa\/fr\/wp-content\/uploads\/2019\/09\/SPARC-LOGO-FINAL-HR-03.png\",\"width\":2171,\"height\":1842,\"caption\":\"Strategic Purchasing Africa Resource Centre (SPARC)\"},\"image\":{\"@id\":\"https:\/\/sparc.africa\/fr\/#\/schema\/logo\/image\/\"}}]}<\/script>\n<!-- \/ Yoast SEO plugin. -->","yoast_head_json":{"title":"Indices de r\u00e9f\u00e9rence pour suivre les progr\u00e8s r\u00e9alis\u00e9s en ce qui concerne les achats strat\u00e9giques pour la sant\u00e9 - Strategic Purchasing Africa Resource Centre (SPARC)","robots":{"index":"index","follow":"follow","max-snippet":"max-snippet:-1","max-image-preview":"max-image-preview:large","max-video-preview":"max-video-preview:-1"},"canonical":"https:\/\/sparc.africa\/fr\/changer-la-conversation\/une-theorie-du-changement-et-des-etapes-pratiques\/indices-de-reference\/","og_locale":"en_US","og_type":"article","og_title":"Indices de r\u00e9f\u00e9rence pour suivre les progr\u00e8s r\u00e9alis\u00e9s en ce qui concerne les achats strat\u00e9giques pour la sant\u00e9 - Strategic Purchasing Africa Resource Centre (SPARC)","og_description":"Un syst\u00e8me d\u2019achats strat\u00e9giques solide comporte un ensemble de fonctions essentielles \u2013 sp\u00e9cification des avantages, dispositions contractuelles, paiement des prestataires et suivi des performances \u2013 qui sont soutenues par des [&hellip;]","og_url":"https:\/\/sparc.africa\/fr\/changer-la-conversation\/une-theorie-du-changement-et-des-etapes-pratiques\/indices-de-reference\/","og_site_name":"Strategic Purchasing Africa Resource Centre (SPARC)","article_modified_time":"2021-12-13T14:16:10+00:00","og_image":[{"url":"https:\/\/sparc.africa\/fr\/wp-content\/uploads\/2021\/06\/back.png"}],"twitter_card":"summary_large_image","twitter_misc":{"Est. reading time":"1 minute"},"schema":{"@context":"https:\/\/schema.org","@graph":[{"@type":"WebPage","@id":"https:\/\/sparc.africa\/fr\/changer-la-conversation\/une-theorie-du-changement-et-des-etapes-pratiques\/indices-de-reference\/","url":"https:\/\/sparc.africa\/fr\/changer-la-conversation\/une-theorie-du-changement-et-des-etapes-pratiques\/indices-de-reference\/","name":"Indices de r\u00e9f\u00e9rence pour suivre les progr\u00e8s r\u00e9alis\u00e9s en ce qui concerne les achats strat\u00e9giques pour la sant\u00e9 - Strategic Purchasing Africa Resource Centre (SPARC)","isPartOf":{"@id":"https:\/\/sparc.africa\/fr\/#website"},"datePublished":"2021-12-13T14:10:39+00:00","dateModified":"2021-12-13T14:16:10+00:00","breadcrumb":{"@id":"https:\/\/sparc.africa\/fr\/changer-la-conversation\/une-theorie-du-changement-et-des-etapes-pratiques\/indices-de-reference\/#breadcrumb"},"inLanguage":"en-US","potentialAction":[{"@type":"ReadAction","target":["https:\/\/sparc.africa\/fr\/changer-la-conversation\/une-theorie-du-changement-et-des-etapes-pratiques\/indices-de-reference\/"]}]},{"@type":"BreadcrumbList","@id":"https:\/\/sparc.africa\/fr\/changer-la-conversation\/une-theorie-du-changement-et-des-etapes-pratiques\/indices-de-reference\/#breadcrumb","itemListElement":[{"@type":"ListItem","position":1,"name":"Home","item":"https:\/\/sparc.africa\/fr\/"},{"@type":"ListItem","position":2,"name":"Changer la conversation : Faire des progr\u00e8s en mati\u00e8re d&#8217;achats strat\u00e9giques de sant\u00e9 en Afrique subsaharienne","item":"https:\/\/sparc.africa\/fr\/changer-la-conversation\/"},{"@type":"ListItem","position":3,"name":"Une th\u00e9orie du changement et des \u00e9tapes pratiques","item":"https:\/\/sparc.africa\/fr\/changer-la-conversation\/une-theorie-du-changement-et-des-etapes-pratiques\/"},{"@type":"ListItem","position":4,"name":"Indices de r\u00e9f\u00e9rence pour suivre les progr\u00e8s r\u00e9alis\u00e9s en ce qui concerne les achats strat\u00e9giques pour la sant\u00e9"}]},{"@type":"WebSite","@id":"https:\/\/sparc.africa\/fr\/#website","url":"https:\/\/sparc.africa\/fr\/","name":"Strategic Purchasing Africa Resource Centre (SPARC)","description":"","publisher":{"@id":"https:\/\/sparc.africa\/fr\/#organization"},"potentialAction":[{"@type":"SearchAction","target":{"@type":"EntryPoint","urlTemplate":"https:\/\/sparc.africa\/fr\/?s={search_term_string}"},"query-input":"required name=search_term_string"}],"inLanguage":"en-US"},{"@type":"Organization","@id":"https:\/\/sparc.africa\/fr\/#organization","name":"Strategic Purchasing Africa Resource Centre (SPARC)","url":"https:\/\/sparc.africa\/fr\/","logo":{"@type":"ImageObject","inLanguage":"en-US","@id":"https:\/\/sparc.africa\/fr\/#\/schema\/logo\/image\/","url":"https:\/\/sparc.africa\/fr\/wp-content\/uploads\/2019\/09\/SPARC-LOGO-FINAL-HR-03.png","contentUrl":"https:\/\/sparc.africa\/fr\/wp-content\/uploads\/2019\/09\/SPARC-LOGO-FINAL-HR-03.png","width":2171,"height":1842,"caption":"Strategic Purchasing Africa Resource Centre (SPARC)"},"image":{"@id":"https:\/\/sparc.africa\/fr\/#\/schema\/logo\/image\/"}}]}},"jetpack_sharing_enabled":true,"_links":{"self":[{"href":"https:\/\/sparc.africa\/fr\/wp-json\/wp\/v2\/pages\/1732"}],"collection":[{"href":"https:\/\/sparc.africa\/fr\/wp-json\/wp\/v2\/pages"}],"about":[{"href":"https:\/\/sparc.africa\/fr\/wp-json\/wp\/v2\/types\/page"}],"author":[{"embeddable":true,"href":"https:\/\/sparc.africa\/fr\/wp-json\/wp\/v2\/users\/1"}],"replies":[{"embeddable":true,"href":"https:\/\/sparc.africa\/fr\/wp-json\/wp\/v2\/comments?post=1732"}],"version-history":[{"count":4,"href":"https:\/\/sparc.africa\/fr\/wp-json\/wp\/v2\/pages\/1732\/revisions"}],"predecessor-version":[{"id":1737,"href":"https:\/\/sparc.africa\/fr\/wp-json\/wp\/v2\/pages\/1732\/revisions\/1737"}],"up":[{"embeddable":true,"href":"https:\/\/sparc.africa\/fr\/wp-json\/wp\/v2\/pages\/1617"}],"wp:attachment":[{"href":"https:\/\/sparc.africa\/fr\/wp-json\/wp\/v2\/media?parent=1732"}],"curies":[{"name":"wp","href":"https:\/\/api.w.org\/{rel}","templated":true}]}}