{"id":1617,"date":"2021-06-14T13:51:11","date_gmt":"2021-06-14T10:51:11","guid":{"rendered":"https:\/\/sparc.africa\/fr\/?page_id=1617"},"modified":"2021-12-13T17:18:11","modified_gmt":"2021-12-13T14:18:11","slug":"une-theorie-du-changement-et-des-etapes-pratiques","status":"publish","type":"page","link":"https:\/\/sparc.africa\/fr\/changer-la-conversation\/une-theorie-du-changement-et-des-etapes-pratiques\/","title":{"rendered":"Une th\u00e9orie du changement et des \u00e9tapes pratiques"},"content":{"rendered":"\t\t<div data-elementor-type=\"wp-page\" data-elementor-id=\"1617\" class=\"elementor elementor-1617\" data-elementor-post-type=\"page\">\n\t\t\t\t\t\t<div class=\"elementor-inner\">\n\t\t\t\t<div class=\"elementor-section-wrap\">\n\t\t\t\t\t\t\t\t\t<section class=\"elementor-section elementor-top-section elementor-element elementor-element-317c1816 elementor-section-content-middle elementor-section-stretched elementor-section-boxed elementor-section-height-default elementor-section-height-default\" data-id=\"317c1816\" data-element_type=\"section\" data-settings=\"{&quot;stretch_section&quot;:&quot;section-stretched&quot;,&quot;background_background&quot;:&quot;classic&quot;}\">\n\t\t\t\t\t\t<div class=\"elementor-container elementor-column-gap-no\">\n\t\t\t\t\t\t\t<div class=\"elementor-row\">\n\t\t\t\t\t<div class=\"elementor-column elementor-col-100 elementor-top-column elementor-element elementor-element-132db81\" data-id=\"132db81\" data-element_type=\"column\" data-settings=\"{&quot;background_background&quot;:&quot;classic&quot;}\">\n\t\t\t<div class=\"elementor-column-wrap elementor-element-populated\">\n\t\t\t\t\t\t\t<div class=\"elementor-widget-wrap\">\n\t\t\t\t\t\t<div class=\"elementor-element elementor-element-445499ca elementor-widget elementor-widget-text-editor\" data-id=\"445499ca\" data-element_type=\"widget\" data-widget_type=\"text-editor.default\">\n\t\t\t\t<div class=\"elementor-widget-container\">\n\t\t\t\t\t\t\t\t<div class=\"elementor-text-editor elementor-clearfix\">\n\t\t\t\t<p>SPARC et son consortium de 11 partenaires techniques travaillent ensemble pour mieux comprendre ce qui favorise les progr\u00e8s en mati\u00e8re d&#8217;achats strat\u00e9giques de sant\u00e9 en Afrique subsaharienne \u00e0 travers le prisme des fonctions d&#8217;achat de sant\u00e9 &#8211; sp\u00e9cification des ensembles de prestations, contrats, paiement des prestataires et suivi de la performance &#8211; plut\u00f4t que des sch\u00e9mas ou solutions sp\u00e9cifiques.<\/p><p>SPARC et le consortium technique ont co-cr\u00e9\u00e9 un cadre pour d\u00e9crire et \u00e9valuer les syst\u00e8mes d&#8217;achats strat\u00e9giques en adoptant cette &#8220;approche fonctionnelle&#8221;. Ils ont appliqu\u00e9 le cadre pour cartographier les fonctions d&#8217;achat, les capacit\u00e9s, les dispositions de gouvernance et les r\u00e9sultats dans neuf pays africains, avec quelques rep\u00e8res pour indiquer les progr\u00e8s.\u00a0<\/p><p>SPARC lance une s\u00e9rie de dialogues virtuels sur les politiques et des produits de connaissances afin de partager l&#8217;apprentissage et les id\u00e9es de cette approche et de stimuler une discussion active sur la fa\u00e7on dont les d\u00e9cideurs politiques, les partenaires techniques et les autres parties prenantes peuvent appliquer ces connaissances pour continuer \u00e0 stimuler les progr\u00e8s en mati\u00e8re d&#8217;achats strat\u00e9giques de sant\u00e9 dans leurs pays.<\/p>\t\t\t\t\t<\/div>\n\t\t\t\t\t\t<\/div>\n\t\t\t\t<\/div>\n\t\t\t\t<section class=\"elementor-section elementor-inner-section elementor-element elementor-element-72bc9090 elementor-section-full_width elementor-section-height-default elementor-section-height-default\" data-id=\"72bc9090\" data-element_type=\"section\">\n\t\t\t\t\t\t<div class=\"elementor-container elementor-column-gap-default\">\n\t\t\t\t\t\t\t<div class=\"elementor-row\">\n\t\t\t\t\t<div class=\"elementor-column elementor-col-33 elementor-inner-column elementor-element elementor-element-b09d3ef\" data-id=\"b09d3ef\" data-element_type=\"column\">\n\t\t\t<div class=\"elementor-column-wrap elementor-element-populated\">\n\t\t\t\t\t\t\t<div class=\"elementor-widget-wrap\">\n\t\t\t\t\t\t<div class=\"elementor-element elementor-element-670e95a6 elementor-widget elementor-widget-image\" data-id=\"670e95a6\" data-element_type=\"widget\" data-widget_type=\"image.default\">\n\t\t\t\t<div class=\"elementor-widget-container\">\n\t\t\t\t\t\t\t\t<div class=\"elementor-image\">\n\t\t\t\t\t\t\t\t\t\t\t\t<img decoding=\"async\" width=\"440\" height=\"249\" src=\"https:\/\/sparc.africa\/fr\/wp-content\/uploads\/2021\/06\/Picture1.jpg\" class=\"attachment-full size-full wp-image-1622\" alt=\"\" srcset=\"https:\/\/sparc.africa\/fr\/wp-content\/uploads\/2021\/06\/Picture1.jpg 440w, https:\/\/sparc.africa\/fr\/wp-content\/uploads\/2021\/06\/Picture1-300x170.jpg 300w\" sizes=\"(max-width: 440px) 100vw, 440px\" \/>\t\t\t\t\t\t\t\t\t\t\t\t\t\t<\/div>\n\t\t\t\t\t\t<\/div>\n\t\t\t\t<\/div>\n\t\t\t\t\t\t<\/div>\n\t\t\t\t\t<\/div>\n\t\t<\/div>\n\t\t\t\t<div class=\"elementor-column elementor-col-33 elementor-inner-column elementor-element elementor-element-31a1d83b\" data-id=\"31a1d83b\" data-element_type=\"column\">\n\t\t\t<div class=\"elementor-column-wrap elementor-element-populated\">\n\t\t\t\t\t\t\t<div class=\"elementor-widget-wrap\">\n\t\t\t\t\t\t<div class=\"elementor-element elementor-element-1bd4cd65 elementor-widget elementor-widget-image\" data-id=\"1bd4cd65\" data-element_type=\"widget\" data-widget_type=\"image.default\">\n\t\t\t\t<div class=\"elementor-widget-container\">\n\t\t\t\t\t\t\t\t<div class=\"elementor-image\">\n\t\t\t\t\t\t\t\t\t\t\t\t<img decoding=\"async\" width=\"440\" height=\"246\" src=\"https:\/\/sparc.africa\/fr\/wp-content\/uploads\/2021\/06\/Picture2.jpg\" class=\"attachment-full size-full wp-image-1623\" alt=\"\" srcset=\"https:\/\/sparc.africa\/fr\/wp-content\/uploads\/2021\/06\/Picture2.jpg 440w, https:\/\/sparc.africa\/fr\/wp-content\/uploads\/2021\/06\/Picture2-300x168.jpg 300w\" sizes=\"(max-width: 440px) 100vw, 440px\" \/>\t\t\t\t\t\t\t\t\t\t\t\t\t\t<\/div>\n\t\t\t\t\t\t<\/div>\n\t\t\t\t<\/div>\n\t\t\t\t\t\t<\/div>\n\t\t\t\t\t<\/div>\n\t\t<\/div>\n\t\t\t\t<div class=\"elementor-column elementor-col-33 elementor-inner-column elementor-element elementor-element-66f3a3fc\" data-id=\"66f3a3fc\" data-element_type=\"column\">\n\t\t\t<div class=\"elementor-column-wrap elementor-element-populated\">\n\t\t\t\t\t\t\t<div class=\"elementor-widget-wrap\">\n\t\t\t\t\t\t<div class=\"elementor-element elementor-element-367632b8 elementor-widget elementor-widget-image\" data-id=\"367632b8\" data-element_type=\"widget\" data-widget_type=\"image.default\">\n\t\t\t\t<div class=\"elementor-widget-container\">\n\t\t\t\t\t\t\t\t<div class=\"elementor-image\">\n\t\t\t\t\t\t\t\t\t\t\t\t<img decoding=\"async\" width=\"424\" height=\"248\" src=\"https:\/\/sparc.africa\/fr\/wp-content\/uploads\/2021\/06\/Picture3.jpg\" class=\"attachment-full size-full wp-image-1624\" alt=\"\" srcset=\"https:\/\/sparc.africa\/fr\/wp-content\/uploads\/2021\/06\/Picture3.jpg 424w, https:\/\/sparc.africa\/fr\/wp-content\/uploads\/2021\/06\/Picture3-300x175.jpg 300w\" sizes=\"(max-width: 424px) 100vw, 424px\" \/>\t\t\t\t\t\t\t\t\t\t\t\t\t\t<\/div>\n\t\t\t\t\t\t<\/div>\n\t\t\t\t<\/div>\n\t\t\t\t\t\t<\/div>\n\t\t\t\t\t<\/div>\n\t\t<\/div>\n\t\t\t\t\t\t\t\t<\/div>\n\t\t\t\t\t<\/div>\n\t\t<\/section>\n\t\t\t\t\t\t<\/div>\n\t\t\t\t\t<\/div>\n\t\t<\/div>\n\t\t\t\t\t\t\t\t<\/div>\n\t\t\t\t\t<\/div>\n\t\t<\/section>\n\t\t\t\t<section class=\"elementor-section elementor-top-section elementor-element elementor-element-4c911b01 elementor-section-full_width elementor-section-stretched elementor-section-height-default elementor-section-height-default\" data-id=\"4c911b01\" data-element_type=\"section\" data-settings=\"{&quot;stretch_section&quot;:&quot;section-stretched&quot;}\">\n\t\t\t\t\t\t<div class=\"elementor-container elementor-column-gap-default\">\n\t\t\t\t\t\t\t<div class=\"elementor-row\">\n\t\t\t\t\t<div class=\"elementor-column elementor-col-100 elementor-top-column elementor-element elementor-element-42ba7bdb\" data-id=\"42ba7bdb\" data-element_type=\"column\">\n\t\t\t<div class=\"elementor-column-wrap elementor-element-populated\">\n\t\t\t\t\t\t\t<div class=\"elementor-widget-wrap\">\n\t\t\t\t\t\t<section class=\"elementor-section elementor-inner-section elementor-element elementor-element-10ceead0 elementor-section-content-middle elementor-section-full_width elementor-section-height-default elementor-section-height-default\" data-id=\"10ceead0\" data-element_type=\"section\">\n\t\t\t\t\t\t<div class=\"elementor-container elementor-column-gap-no\">\n\t\t\t\t\t\t\t<div class=\"elementor-row\">\n\t\t\t\t\t<div class=\"elementor-column elementor-col-20 elementor-inner-column elementor-element elementor-element-24749ec\" data-id=\"24749ec\" data-element_type=\"column\" data-settings=\"{&quot;background_background&quot;:&quot;classic&quot;}\">\n\t\t\t<div class=\"elementor-column-wrap elementor-element-populated\">\n\t\t\t\t\t\t\t<div class=\"elementor-widget-wrap\">\n\t\t\t\t\t\t<div class=\"elementor-element elementor-element-6b2f34d3 elementor-position-top elementor-vertical-align-top elementor-widget elementor-widget-image-box\" data-id=\"6b2f34d3\" data-element_type=\"widget\" data-widget_type=\"image-box.default\">\n\t\t\t\t<div class=\"elementor-widget-container\">\n\t\t\t<div class=\"elementor-image-box-wrapper\"><div class=\"elementor-image-box-content\"><h3 class=\"elementor-image-box-title\"><a href=\"https:\/\/sparc.africa\/fr\/changer-la-conversation\/une-theorie-du-changement-et-des-etapes-pratiques\/cadre-fonctionnel-pour-decrire-les-systemes-dachat-de-services-de-sante-et-suivre-les-progres-accomplis\/\">Aper\u00e7u du cadre de suivi des progr\u00e8s des achats strat\u00e9giques en mati\u00e8re de sant\u00e9<\/a><\/h3><\/div><\/div>\t\t<\/div>\n\t\t\t\t<\/div>\n\t\t\t\t\t\t<\/div>\n\t\t\t\t\t<\/div>\n\t\t<\/div>\n\t\t\t\t<div class=\"elementor-column elementor-col-20 elementor-inner-column elementor-element elementor-element-1ac9fcba\" data-id=\"1ac9fcba\" data-element_type=\"column\" data-settings=\"{&quot;background_background&quot;:&quot;classic&quot;}\">\n\t\t\t<div class=\"elementor-column-wrap elementor-element-populated\">\n\t\t\t\t\t\t\t<div class=\"elementor-widget-wrap\">\n\t\t\t\t\t\t<div class=\"elementor-element elementor-element-857b31e elementor-position-top elementor-vertical-align-top elementor-widget elementor-widget-image-box\" data-id=\"857b31e\" data-element_type=\"widget\" data-widget_type=\"image-box.default\">\n\t\t\t\t<div class=\"elementor-widget-container\">\n\t\t\t<div class=\"elementor-image-box-wrapper\"><div class=\"elementor-image-box-content\"><h3 class=\"elementor-image-box-title\"><a href=\"https:\/\/sparc.africa\/fr\/changer-la-conversation\/une-theorie-du-changement-et-des-etapes-pratiques\/indices-de-reference\/\">Indices de r\u00e9f\u00e9rence pour suivre les progr\u00e8s r\u00e9alis\u00e9s en ce qui concerne les achats strat\u00e9giques pour la sant\u00e9<\/a><\/h3><\/div><\/div>\t\t<\/div>\n\t\t\t\t<\/div>\n\t\t\t\t\t\t<\/div>\n\t\t\t\t\t<\/div>\n\t\t<\/div>\n\t\t\t\t<div class=\"elementor-column elementor-col-20 elementor-inner-column elementor-element elementor-element-7b1d640\" data-id=\"7b1d640\" data-element_type=\"column\" data-settings=\"{&quot;background_background&quot;:&quot;classic&quot;}\">\n\t\t\t<div class=\"elementor-column-wrap elementor-element-populated\">\n\t\t\t\t\t\t\t<div class=\"elementor-widget-wrap\">\n\t\t\t\t\t\t<div class=\"elementor-element elementor-element-6682208 elementor-position-top elementor-vertical-align-top elementor-widget elementor-widget-image-box\" data-id=\"6682208\" data-element_type=\"widget\" data-widget_type=\"image-box.default\">\n\t\t\t\t<div class=\"elementor-widget-container\">\n\t\t\t<div class=\"elementor-image-box-wrapper\"><div class=\"elementor-image-box-content\"><h3 class=\"elementor-image-box-title\"><a href=\"https:\/\/sparc.africa\/fr\/changer-la-conversation\/une-theorie-du-changement-et-des-etapes-pratiques\/dossiers-de-politique-generale\/\">Dossiers de politique g\u00e9n\u00e9rale<\/a><\/h3><\/div><\/div>\t\t<\/div>\n\t\t\t\t<\/div>\n\t\t\t\t\t\t<\/div>\n\t\t\t\t\t<\/div>\n\t\t<\/div>\n\t\t\t\t<div class=\"elementor-column elementor-col-20 elementor-inner-column elementor-element elementor-element-7fa7e07e\" data-id=\"7fa7e07e\" data-element_type=\"column\" data-settings=\"{&quot;background_background&quot;:&quot;classic&quot;}\">\n\t\t\t<div class=\"elementor-column-wrap elementor-element-populated\">\n\t\t\t\t\t\t\t<div class=\"elementor-widget-wrap\">\n\t\t\t\t\t\t<div class=\"elementor-element elementor-element-1881407c elementor-position-top elementor-vertical-align-top elementor-widget elementor-widget-image-box\" data-id=\"1881407c\" data-element_type=\"widget\" data-widget_type=\"image-box.default\">\n\t\t\t\t<div class=\"elementor-widget-container\">\n\t\t\t<div class=\"elementor-image-box-wrapper\"><div class=\"elementor-image-box-content\"><h3 class=\"elementor-image-box-title\"><a href=\"https:\/\/sparc.africa\/2021\/05\/changing-the-conversation-making-progress-on-strategic-health-purchasing-in-sub-saharan-africa\/\">Blog<\/a><\/h3><\/div><\/div>\t\t<\/div>\n\t\t\t\t<\/div>\n\t\t\t\t\t\t<\/div>\n\t\t\t\t\t<\/div>\n\t\t<\/div>\n\t\t\t\t<div class=\"elementor-column elementor-col-20 elementor-inner-column elementor-element elementor-element-6038289c\" data-id=\"6038289c\" data-element_type=\"column\" data-settings=\"{&quot;background_background&quot;:&quot;classic&quot;}\">\n\t\t\t<div class=\"elementor-column-wrap elementor-element-populated\">\n\t\t\t\t\t\t\t<div class=\"elementor-widget-wrap\">\n\t\t\t\t\t\t<div class=\"elementor-element elementor-element-7dd44ae1 elementor-position-left elementor-vertical-align-top elementor-widget elementor-widget-image-box\" data-id=\"7dd44ae1\" data-element_type=\"widget\" data-widget_type=\"image-box.default\">\n\t\t\t\t<div class=\"elementor-widget-container\">\n\t\t\t<div class=\"elementor-image-box-wrapper\"><figure class=\"elementor-image-box-img\"><a href=\"https:\/\/sparc.africa\/fr\/changer-la-conversation\/\"><img decoding=\"async\" width=\"512\" height=\"512\" src=\"https:\/\/sparc.africa\/fr\/wp-content\/uploads\/2021\/06\/back.png\" class=\"elementor-animation-grow attachment-full size-full wp-image-1625\" alt=\"\" srcset=\"https:\/\/sparc.africa\/fr\/wp-content\/uploads\/2021\/06\/back.png 512w, https:\/\/sparc.africa\/fr\/wp-content\/uploads\/2021\/06\/back-300x300.png 300w, https:\/\/sparc.africa\/fr\/wp-content\/uploads\/2021\/06\/back-150x150.png 150w\" sizes=\"(max-width: 512px) 100vw, 512px\" \/><\/a><\/figure><div class=\"elementor-image-box-content\"><h3 class=\"elementor-image-box-title\"><a href=\"https:\/\/sparc.africa\/fr\/changer-la-conversation\/\">Retourner<\/a><\/h3><\/div><\/div>\t\t<\/div>\n\t\t\t\t<\/div>\n\t\t\t\t\t\t<\/div>\n\t\t\t\t\t<\/div>\n\t\t<\/div>\n\t\t\t\t\t\t\t\t<\/div>\n\t\t\t\t\t<\/div>\n\t\t<\/section>\n\t\t\t\t\t\t<\/div>\n\t\t\t\t\t<\/div>\n\t\t<\/div>\n\t\t\t\t\t\t\t\t<\/div>\n\t\t\t\t\t<\/div>\n\t\t<\/section>\n\t\t\t\t\t\t\t\t\t<\/div>\n\t\t\t<\/div>\n\t\t\t\t\t<\/div>\n\t\t","protected":false},"excerpt":{"rendered":"<p>SPARC et son consortium de 11 partenaires techniques travaillent ensemble pour mieux comprendre ce qui favorise les progr\u00e8s en mati\u00e8re d&#8217;achats strat\u00e9giques de sant\u00e9 en Afrique subsaharienne \u00e0 travers le [&hellip;]<\/p>\n","protected":false},"author":1,"featured_media":0,"parent":1609,"menu_order":0,"comment_status":"closed","ping_status":"closed","template":"elementor_header_footer","meta":{"_mi_skip_tracking":false,"_monsterinsights_sitenote_active":false,"_monsterinsights_sitenote_note":"","_monsterinsights_sitenote_category":0,"_EventAllDay":false,"_EventTimezone":"","_EventStartDate":"","_EventEndDate":"","_EventStartDateUTC":"","_EventEndDateUTC":"","_EventShowMap":false,"_EventShowMapLink":false,"_EventURL":"","_EventCost":"","_EventCostDescription":"","_EventCurrencySymbol":"","_EventCurrencyCode":"","_EventCurrencyPosition":"","_EventDateTimeSeparator":"","_EventTimeRangeSeparator":"","_EventOrganizerID":[],"_EventVenueID":0,"_OrganizerEmail":"","_OrganizerPhone":"","_OrganizerWebsite":"","_VenueAddress":"","_VenueCity":"","_VenueCountry":"","_VenueProvince":"","_VenueZip":"","_VenuePhone":"","_VenueURL":"","_VenueStateProvince":"","_VenueLat":"","_VenueLng":"","jetpack_post_was_ever_published":false},"yoast_head":"<!-- This site is optimized with the Yoast SEO plugin v20.10 - https:\/\/yoast.com\/wordpress\/plugins\/seo\/ -->\n<title>Une th\u00e9orie du changement et des \u00e9tapes pratiques - Strategic Purchasing Africa Resource Centre (SPARC)<\/title>\n<meta name=\"robots\" content=\"index, follow, max-snippet:-1, max-image-preview:large, max-video-preview:-1\" \/>\n<link rel=\"canonical\" href=\"https:\/\/sparc.africa\/fr\/changer-la-conversation\/une-theorie-du-changement-et-des-etapes-pratiques\/\" \/>\n<meta property=\"og:locale\" content=\"en_US\" \/>\n<meta property=\"og:type\" content=\"article\" \/>\n<meta property=\"og:title\" content=\"Une th\u00e9orie du changement et des \u00e9tapes pratiques - Strategic Purchasing Africa Resource Centre (SPARC)\" \/>\n<meta property=\"og:description\" content=\"SPARC et son consortium de 11 partenaires techniques travaillent ensemble pour mieux comprendre ce qui favorise les progr\u00e8s en mati\u00e8re d&#8217;achats strat\u00e9giques de sant\u00e9 en Afrique subsaharienne \u00e0 travers le [&hellip;]\" \/>\n<meta property=\"og:url\" content=\"https:\/\/sparc.africa\/fr\/changer-la-conversation\/une-theorie-du-changement-et-des-etapes-pratiques\/\" \/>\n<meta property=\"og:site_name\" content=\"Strategic Purchasing Africa Resource Centre (SPARC)\" \/>\n<meta property=\"article:modified_time\" content=\"2021-12-13T14:18:11+00:00\" \/>\n<meta property=\"og:image\" content=\"https:\/\/sparc.africa\/fr\/wp-content\/uploads\/2021\/06\/Picture1.jpg\" \/>\n<meta name=\"twitter:card\" content=\"summary_large_image\" \/>\n<meta name=\"twitter:label1\" content=\"Est. reading time\" \/>\n\t<meta name=\"twitter:data1\" content=\"1 minute\" \/>\n<script type=\"application\/ld+json\" class=\"yoast-schema-graph\">{\"@context\":\"https:\/\/schema.org\",\"@graph\":[{\"@type\":\"WebPage\",\"@id\":\"https:\/\/sparc.africa\/fr\/changer-la-conversation\/une-theorie-du-changement-et-des-etapes-pratiques\/\",\"url\":\"https:\/\/sparc.africa\/fr\/changer-la-conversation\/une-theorie-du-changement-et-des-etapes-pratiques\/\",\"name\":\"Une th\u00e9orie du changement et des \u00e9tapes pratiques - Strategic Purchasing Africa Resource Centre (SPARC)\",\"isPartOf\":{\"@id\":\"https:\/\/sparc.africa\/fr\/#website\"},\"datePublished\":\"2021-06-14T10:51:11+00:00\",\"dateModified\":\"2021-12-13T14:18:11+00:00\",\"breadcrumb\":{\"@id\":\"https:\/\/sparc.africa\/fr\/changer-la-conversation\/une-theorie-du-changement-et-des-etapes-pratiques\/#breadcrumb\"},\"inLanguage\":\"en-US\",\"potentialAction\":[{\"@type\":\"ReadAction\",\"target\":[\"https:\/\/sparc.africa\/fr\/changer-la-conversation\/une-theorie-du-changement-et-des-etapes-pratiques\/\"]}]},{\"@type\":\"BreadcrumbList\",\"@id\":\"https:\/\/sparc.africa\/fr\/changer-la-conversation\/une-theorie-du-changement-et-des-etapes-pratiques\/#breadcrumb\",\"itemListElement\":[{\"@type\":\"ListItem\",\"position\":1,\"name\":\"Home\",\"item\":\"https:\/\/sparc.africa\/fr\/\"},{\"@type\":\"ListItem\",\"position\":2,\"name\":\"Changer la conversation : Faire des progr\u00e8s en mati\u00e8re d&#8217;achats strat\u00e9giques de sant\u00e9 en Afrique subsaharienne\",\"item\":\"https:\/\/sparc.africa\/fr\/changer-la-conversation\/\"},{\"@type\":\"ListItem\",\"position\":3,\"name\":\"Une th\u00e9orie du changement et des \u00e9tapes pratiques\"}]},{\"@type\":\"WebSite\",\"@id\":\"https:\/\/sparc.africa\/fr\/#website\",\"url\":\"https:\/\/sparc.africa\/fr\/\",\"name\":\"Strategic Purchasing Africa Resource Centre (SPARC)\",\"description\":\"\",\"publisher\":{\"@id\":\"https:\/\/sparc.africa\/fr\/#organization\"},\"potentialAction\":[{\"@type\":\"SearchAction\",\"target\":{\"@type\":\"EntryPoint\",\"urlTemplate\":\"https:\/\/sparc.africa\/fr\/?s={search_term_string}\"},\"query-input\":\"required name=search_term_string\"}],\"inLanguage\":\"en-US\"},{\"@type\":\"Organization\",\"@id\":\"https:\/\/sparc.africa\/fr\/#organization\",\"name\":\"Strategic Purchasing Africa Resource Centre (SPARC)\",\"url\":\"https:\/\/sparc.africa\/fr\/\",\"logo\":{\"@type\":\"ImageObject\",\"inLanguage\":\"en-US\",\"@id\":\"https:\/\/sparc.africa\/fr\/#\/schema\/logo\/image\/\",\"url\":\"https:\/\/sparc.africa\/fr\/wp-content\/uploads\/2019\/09\/SPARC-LOGO-FINAL-HR-03.png\",\"contentUrl\":\"https:\/\/sparc.africa\/fr\/wp-content\/uploads\/2019\/09\/SPARC-LOGO-FINAL-HR-03.png\",\"width\":2171,\"height\":1842,\"caption\":\"Strategic Purchasing Africa Resource Centre (SPARC)\"},\"image\":{\"@id\":\"https:\/\/sparc.africa\/fr\/#\/schema\/logo\/image\/\"}}]}<\/script>\n<!-- \/ Yoast SEO plugin. -->","yoast_head_json":{"title":"Une th\u00e9orie du changement et des \u00e9tapes pratiques - Strategic Purchasing Africa Resource Centre (SPARC)","robots":{"index":"index","follow":"follow","max-snippet":"max-snippet:-1","max-image-preview":"max-image-preview:large","max-video-preview":"max-video-preview:-1"},"canonical":"https:\/\/sparc.africa\/fr\/changer-la-conversation\/une-theorie-du-changement-et-des-etapes-pratiques\/","og_locale":"en_US","og_type":"article","og_title":"Une th\u00e9orie du changement et des \u00e9tapes pratiques - Strategic Purchasing Africa Resource Centre (SPARC)","og_description":"SPARC et son consortium de 11 partenaires techniques travaillent ensemble pour mieux comprendre ce qui favorise les progr\u00e8s en mati\u00e8re d&#8217;achats strat\u00e9giques de sant\u00e9 en Afrique subsaharienne \u00e0 travers le [&hellip;]","og_url":"https:\/\/sparc.africa\/fr\/changer-la-conversation\/une-theorie-du-changement-et-des-etapes-pratiques\/","og_site_name":"Strategic Purchasing Africa Resource Centre (SPARC)","article_modified_time":"2021-12-13T14:18:11+00:00","og_image":[{"url":"https:\/\/sparc.africa\/fr\/wp-content\/uploads\/2021\/06\/Picture1.jpg"}],"twitter_card":"summary_large_image","twitter_misc":{"Est. reading time":"1 minute"},"schema":{"@context":"https:\/\/schema.org","@graph":[{"@type":"WebPage","@id":"https:\/\/sparc.africa\/fr\/changer-la-conversation\/une-theorie-du-changement-et-des-etapes-pratiques\/","url":"https:\/\/sparc.africa\/fr\/changer-la-conversation\/une-theorie-du-changement-et-des-etapes-pratiques\/","name":"Une th\u00e9orie du changement et des \u00e9tapes pratiques - Strategic Purchasing Africa Resource Centre (SPARC)","isPartOf":{"@id":"https:\/\/sparc.africa\/fr\/#website"},"datePublished":"2021-06-14T10:51:11+00:00","dateModified":"2021-12-13T14:18:11+00:00","breadcrumb":{"@id":"https:\/\/sparc.africa\/fr\/changer-la-conversation\/une-theorie-du-changement-et-des-etapes-pratiques\/#breadcrumb"},"inLanguage":"en-US","potentialAction":[{"@type":"ReadAction","target":["https:\/\/sparc.africa\/fr\/changer-la-conversation\/une-theorie-du-changement-et-des-etapes-pratiques\/"]}]},{"@type":"BreadcrumbList","@id":"https:\/\/sparc.africa\/fr\/changer-la-conversation\/une-theorie-du-changement-et-des-etapes-pratiques\/#breadcrumb","itemListElement":[{"@type":"ListItem","position":1,"name":"Home","item":"https:\/\/sparc.africa\/fr\/"},{"@type":"ListItem","position":2,"name":"Changer la conversation : Faire des progr\u00e8s en mati\u00e8re d&#8217;achats strat\u00e9giques de sant\u00e9 en Afrique subsaharienne","item":"https:\/\/sparc.africa\/fr\/changer-la-conversation\/"},{"@type":"ListItem","position":3,"name":"Une th\u00e9orie du changement et des \u00e9tapes pratiques"}]},{"@type":"WebSite","@id":"https:\/\/sparc.africa\/fr\/#website","url":"https:\/\/sparc.africa\/fr\/","name":"Strategic Purchasing Africa Resource Centre (SPARC)","description":"","publisher":{"@id":"https:\/\/sparc.africa\/fr\/#organization"},"potentialAction":[{"@type":"SearchAction","target":{"@type":"EntryPoint","urlTemplate":"https:\/\/sparc.africa\/fr\/?s={search_term_string}"},"query-input":"required name=search_term_string"}],"inLanguage":"en-US"},{"@type":"Organization","@id":"https:\/\/sparc.africa\/fr\/#organization","name":"Strategic Purchasing Africa Resource Centre (SPARC)","url":"https:\/\/sparc.africa\/fr\/","logo":{"@type":"ImageObject","inLanguage":"en-US","@id":"https:\/\/sparc.africa\/fr\/#\/schema\/logo\/image\/","url":"https:\/\/sparc.africa\/fr\/wp-content\/uploads\/2019\/09\/SPARC-LOGO-FINAL-HR-03.png","contentUrl":"https:\/\/sparc.africa\/fr\/wp-content\/uploads\/2019\/09\/SPARC-LOGO-FINAL-HR-03.png","width":2171,"height":1842,"caption":"Strategic Purchasing Africa Resource Centre (SPARC)"},"image":{"@id":"https:\/\/sparc.africa\/fr\/#\/schema\/logo\/image\/"}}]}},"jetpack_sharing_enabled":true,"_links":{"self":[{"href":"https:\/\/sparc.africa\/fr\/wp-json\/wp\/v2\/pages\/1617"}],"collection":[{"href":"https:\/\/sparc.africa\/fr\/wp-json\/wp\/v2\/pages"}],"about":[{"href":"https:\/\/sparc.africa\/fr\/wp-json\/wp\/v2\/types\/page"}],"author":[{"embeddable":true,"href":"https:\/\/sparc.africa\/fr\/wp-json\/wp\/v2\/users\/1"}],"replies":[{"embeddable":true,"href":"https:\/\/sparc.africa\/fr\/wp-json\/wp\/v2\/comments?post=1617"}],"version-history":[{"count":16,"href":"https:\/\/sparc.africa\/fr\/wp-json\/wp\/v2\/pages\/1617\/revisions"}],"predecessor-version":[{"id":1740,"href":"https:\/\/sparc.africa\/fr\/wp-json\/wp\/v2\/pages\/1617\/revisions\/1740"}],"up":[{"embeddable":true,"href":"https:\/\/sparc.africa\/fr\/wp-json\/wp\/v2\/pages\/1609"}],"wp:attachment":[{"href":"https:\/\/sparc.africa\/fr\/wp-json\/wp\/v2\/media?parent=1617"}],"curies":[{"name":"wp","href":"https:\/\/api.w.org\/{rel}","templated":true}]}}